{"id":848,"date":"2020-02-06T03:13:12","date_gmt":"2020-02-05T20:13:12","guid":{"rendered":"https:\/\/antechindustry.com\/automatic-vacuum-packing-processing-line\/"},"modified":"2024-10-14T06:57:38","modified_gmt":"2024-10-13T23:57:38","slug":"ligne-demballage-sous-vide-automatique","status":"publish","type":"product","link":"https:\/\/antechindustry.com\/fr\/ligne-demballage-sous-vide-automatique\/","title":{"rendered":"Ligne D&#8217;emballage Sous Vide Automatique"},"content":{"rendered":"","protected":false},"excerpt":{"rendered":"<p><strong>Mod\u00e8le: AVAPL<\/strong><br \/>\nPuissance: 5.5Kw \/ 7Hp<br \/>\nTension: 3phase-380V-50Hz (60Hz)<br \/>\nDimension d&rsquo;installation (L*W*H): 14*1,5*2,8 (m)<br \/>\n<strong>Inclus:<br \/>\n<\/strong>1. \u00c9l\u00e9vateur \u00e0 godets<br \/>\n2. Tamisage \u00e0 secouer le tamis<br \/>\n3. Inspectez le convoyeur \u00e0 bande<br \/>\n4. D\u00e9poussi\u00e9reur<br \/>\n5. D\u00e9tecteur de m\u00e9taux<br \/>\n6. Ascenseur de transfert<br \/>\n7. Tr\u00e9mie<br \/>\n8. Peser<br \/>\n9. Vibrateur<br \/>\n10. Machine d&#8217;emballage sous vide<strong><br \/>\n<\/strong><\/p>\n","protected":false},"featured_media":1530,"comment_status":"open","ping_status":"closed","template":"","meta":[],"product_brand":[],"product_cat":[90],"product_tag":[],"class_list":{"0":"post-848","1":"product","2":"type-product","3":"status-publish","4":"has-post-thumbnail","6":"product_cat-machine-de-noix-de-cajou","8":"first","9":"instock","10":"shipping-taxable","11":"product-type-simple"},"amp_enabled":true,"_links":{"self":[{"href":"https:\/\/antechindustry.com\/fr\/wp-json\/wp\/v2\/product\/848","targetHints":{"allow":["GET"]}}],"collection":[{"href":"https:\/\/antechindustry.com\/fr\/wp-json\/wp\/v2\/product"}],"about":[{"href":"https:\/\/antechindustry.com\/fr\/wp-json\/wp\/v2\/types\/product"}],"replies":[{"embeddable":true,"href":"https:\/\/antechindustry.com\/fr\/wp-json\/wp\/v2\/comments?post=848"}],"wp:featuredmedia":[{"embeddable":true,"href":"https:\/\/antechindustry.com\/fr\/wp-json\/wp\/v2\/media\/1530"}],"wp:attachment":[{"href":"https:\/\/antechindustry.com\/fr\/wp-json\/wp\/v2\/media?parent=848"}],"wp:term":[{"taxonomy":"product_brand","embeddable":true,"href":"https:\/\/antechindustry.com\/fr\/wp-json\/wp\/v2\/product_brand?post=848"},{"taxonomy":"product_cat","embeddable":true,"href":"https:\/\/antechindustry.com\/fr\/wp-json\/wp\/v2\/product_cat?post=848"},{"taxonomy":"product_tag","embeddable":true,"href":"https:\/\/antechindustry.com\/fr\/wp-json\/wp\/v2\/product_tag?post=848"}],"curies":[{"name":"wp","href":"https:\/\/api.w.org\/{rel}","templated":true}]}}