{"id":852,"date":"2020-03-01T23:23:09","date_gmt":"2020-03-01T16:23:09","guid":{"rendered":"https:\/\/antechindustry.com\/cashew-moisture-meter\/"},"modified":"2024-09-03T13:20:42","modified_gmt":"2024-09-03T06:20:42","slug":"machine-de-mesure-de-lhumidite-de-noix-de-cajou","status":"publish","type":"product","link":"https:\/\/antechindustry.com\/fr\/machine-de-mesure-de-lhumidite-de-noix-de-cajou\/","title":{"rendered":"Machine De Mesure De I&rsquo;humidit\u00e9 De Noix De Cajou"},"content":{"rendered":"","protected":false},"excerpt":{"rendered":"<p><strong>Mod\u00e8le: AVRMM<\/strong><br \/>\nTesteur d&rsquo;humidit\u00e9 de la noix de cajou crue<br \/>\nCalibr\u00e9 et test\u00e9 comme mesure de qualit\u00e9 standard du Vietnam<br \/>\nPlage de mesure: 0,0% \u00e0 40,0%<br \/>\nPr\u00e9cision: \u00b1 0,2%<br \/>\nTaille de l&rsquo;\u00e9chantillon: 1.770L<br \/>\nTemps de mesure: continuit\u00e9<br \/>\nDimensions (L*W*H): 130x135x180 (mm)<br \/>\n&#8211; Certificat d&rsquo;\u00e9talonnage (CERTIFICAT D&rsquo;\u00c9TALONNAGE: Center 3 &#8211; KT3-0835HL2)<br \/>\n&#8211; Mat\u00e9riaux: Ext\u00e9rieur en acier inoxydable &#8211; Dans la carte \u00e9lectronique<br \/>\n* Remarque: le produit doit \u00eatre mesur\u00e9 10 fois &#8211; Obtenir les valeurs moyennes.<\/p>\n","protected":false},"featured_media":1600,"comment_status":"open","ping_status":"closed","template":"","meta":[],"product_brand":[],"product_cat":[90],"product_tag":[],"class_list":{"0":"post-852","1":"product","2":"type-product","3":"status-publish","4":"has-post-thumbnail","6":"product_cat-machine-de-noix-de-cajou","8":"first","9":"instock","10":"shipping-taxable","11":"product-type-simple"},"amp_enabled":true,"_links":{"self":[{"href":"https:\/\/antechindustry.com\/fr\/wp-json\/wp\/v2\/product\/852","targetHints":{"allow":["GET"]}}],"collection":[{"href":"https:\/\/antechindustry.com\/fr\/wp-json\/wp\/v2\/product"}],"about":[{"href":"https:\/\/antechindustry.com\/fr\/wp-json\/wp\/v2\/types\/product"}],"replies":[{"embeddable":true,"href":"https:\/\/antechindustry.com\/fr\/wp-json\/wp\/v2\/comments?post=852"}],"wp:featuredmedia":[{"embeddable":true,"href":"https:\/\/antechindustry.com\/fr\/wp-json\/wp\/v2\/media\/1600"}],"wp:attachment":[{"href":"https:\/\/antechindustry.com\/fr\/wp-json\/wp\/v2\/media?parent=852"}],"wp:term":[{"taxonomy":"product_brand","embeddable":true,"href":"https:\/\/antechindustry.com\/fr\/wp-json\/wp\/v2\/product_brand?post=852"},{"taxonomy":"product_cat","embeddable":true,"href":"https:\/\/antechindustry.com\/fr\/wp-json\/wp\/v2\/product_cat?post=852"},{"taxonomy":"product_tag","embeddable":true,"href":"https:\/\/antechindustry.com\/fr\/wp-json\/wp\/v2\/product_tag?post=852"}],"curies":[{"name":"wp","href":"https:\/\/api.w.org\/{rel}","templated":true}]}}