{"id":860,"date":"2020-02-04T15:31:43","date_gmt":"2020-02-04T08:31:43","guid":{"rendered":"https:\/\/antechindustry.com\/raw-cashew-size-sorting-machine\/"},"modified":"2024-07-10T17:12:39","modified_gmt":"2024-07-10T10:12:39","slug":"machine-de-tri-de-taille-de-cajou-crue","status":"publish","type":"product","link":"https:\/\/antechindustry.com\/fr\/machine-de-tri-de-taille-de-cajou-crue\/","title":{"rendered":"Machine De Tri De Taille De Cajou Crue"},"content":{"rendered":"","protected":false},"excerpt":{"rendered":"<div>\n<p><strong><span lang=\"FR-CA\">Mod\u00e8le: AVRSS6 (6 m\u00e8tres)<\/span><\/strong><b><span lang=\"FR-CA\"><br \/>\n<\/span><\/b><span lang=\"FR-CA\">Capacit\u00e9: 1,000 &#8211; 1,100 kg \/ h<br \/>\nPuissance: 2.2Kw\/3Hp<br \/>\nTension: 3Phases-380V-50Hz (60Hz)<br \/>\nDimension d&rsquo;installation (L*L*H): 10,5*1,6*2,4 (m)<\/span><\/p>\n<\/div>\n<div>\n<p><strong><span lang=\"FR-CA\">Mod\u00e8le: AVRSS9 (9 m\u00e8tres)<\/span><\/strong><b><span lang=\"FR-CA\"><br \/>\n<\/span><\/b><span lang=\"FR-CA\">Capacit\u00e9: 1700 &#8211; 1800 kg \/ h<br \/>\nPuissance: 3Kw\/4Hp<br \/>\nTension: 3Phases-380V-50Hz (60Hz)<br \/>\nDimension d&rsquo;installation (L*L*H): 10,5*1,6*2,4 (m)<\/span><\/p>\n<\/div>\n<div>\n<p><strong><span lang=\"FR-CA\">Mod\u00e8le: AVRSS12 (12 m\u00e8tres)<\/span><\/strong><b><span lang=\"FR-CA\"><br \/>\n<\/span><\/b><span lang=\"FR-CA\">Capacit\u00e9: 2400 &#8211; 2500 kg \/ h<br \/>\nPuissance: 3,7Kw\/5Hp<br \/>\nTension: 3Phase-380V-50Hz (60Hz)<br \/>\nDimension d&rsquo;installation (L*L*H): 10,5*1,6*2,4 (m)<\/span><\/p>\n<\/div>\n<div>\n<p><strong><span lang=\"FR-CA\">La machine comprend 4 parties:<\/span><\/strong><span lang=\"FR-CA\"><br \/>\n+ R\u00e9servoir de cajou crue<br \/>\n+ \u00c9l\u00e9vateur \u00e0 godets<br \/>\n+ Machine de tri<br \/>\n+ Armoire de commande<br \/>\nApr\u00e8s le tri, nous obtiendrons 5 sortes de noix de cajou crues de diff\u00e9rentes tailles.<\/span><\/p>\n<\/div>\n","protected":false},"featured_media":1278,"comment_status":"open","ping_status":"closed","template":"","meta":[],"product_brand":[],"product_cat":[90],"product_tag":[],"class_list":{"0":"post-860","1":"product","2":"type-product","3":"status-publish","4":"has-post-thumbnail","6":"product_cat-machine-de-noix-de-cajou","8":"first","9":"instock","10":"shipping-taxable","11":"product-type-simple"},"amp_enabled":true,"_links":{"self":[{"href":"https:\/\/antechindustry.com\/fr\/wp-json\/wp\/v2\/product\/860","targetHints":{"allow":["GET"]}}],"collection":[{"href":"https:\/\/antechindustry.com\/fr\/wp-json\/wp\/v2\/product"}],"about":[{"href":"https:\/\/antechindustry.com\/fr\/wp-json\/wp\/v2\/types\/product"}],"replies":[{"embeddable":true,"href":"https:\/\/antechindustry.com\/fr\/wp-json\/wp\/v2\/comments?post=860"}],"wp:featuredmedia":[{"embeddable":true,"href":"https:\/\/antechindustry.com\/fr\/wp-json\/wp\/v2\/media\/1278"}],"wp:attachment":[{"href":"https:\/\/antechindustry.com\/fr\/wp-json\/wp\/v2\/media?parent=860"}],"wp:term":[{"taxonomy":"product_brand","embeddable":true,"href":"https:\/\/antechindustry.com\/fr\/wp-json\/wp\/v2\/product_brand?post=860"},{"taxonomy":"product_cat","embeddable":true,"href":"https:\/\/antechindustry.com\/fr\/wp-json\/wp\/v2\/product_cat?post=860"},{"taxonomy":"product_tag","embeddable":true,"href":"https:\/\/antechindustry.com\/fr\/wp-json\/wp\/v2\/product_tag?post=860"}],"curies":[{"name":"wp","href":"https:\/\/api.w.org\/{rel}","templated":true}]}}