{"id":868,"date":"2020-02-04T15:36:38","date_gmt":"2020-02-04T08:36:38","guid":{"rendered":"https:\/\/antechindustry.com\/automatic-cashew-shelling-machines\/"},"modified":"2021-09-15T16:47:35","modified_gmt":"2021-09-15T09:47:35","slug":"ligne-automatique-de-decorticage-de-noix-de-cajou","status":"publish","type":"product","link":"https:\/\/antechindustry.com\/fr\/ligne-automatique-de-decorticage-de-noix-de-cajou\/","title":{"rendered":"Ligne Automatique De D\u00e9corticage De Noix De Cajou"},"content":{"rendered":"<h2><strong>Advantages of Antech\u00a0Cashew Shelling Machines :<\/strong><\/h2>\n<p>More than 10 years of experience in manufacturing cashew shelling machines, Antech automatic cashew split machines have shown completely superior advantages compared to previous machines. The success is due to the company&rsquo;s continuous improvement, additional investment in machinery and equipment to create a product with the best finishing.<\/p>\n<h2><strong>Automatic cashew shelling machines:<\/strong><\/h2>\n<p>If in the past the process of peeling off cashew shells required the labor of many people, the automatic cashew nut splitting machine only needed 1-2 operators for 5-10 sets of machines.\u00a0From the raw cashew nut to the process of peeling, screening, splitting and finishing the finished product, it is completely automatic and effortless.<br \/>\n<strong>Easy to install &#8211; layout:<\/strong><br \/>\nIf the first cashew shelling machines require a factory system to be arranged according to the shape and features of the machine (Because the machine was too bulky and vibrated strongly), now with automatic cashew shelling machine factory layout becomes extremely simple.<br \/>\nWe have designed the mobile split heads. Can operate independently, so the layout will be easier. Vibration screening system has also been improved to minimize the vibration of the machine, so the machine can be freely placed on the floor without fixing the tripod like the old ones.<\/p>\n<p><img decoding=\"async\" class=\"aligncenter wp-image-1457 size-medium\" src=\"https:\/\/antechindustry.com\/wp-content\/uploads\/2020\/02\/mayche-sqr-300x300.jpg\" alt=\"Automatic Cashew Shelling Machines\" width=\"300\" height=\"300\" srcset=\"https:\/\/antechindustry.com\/wp-content\/uploads\/2020\/02\/mayche-sqr-300x300.jpg 300w, https:\/\/antechindustry.com\/wp-content\/uploads\/2020\/02\/mayche-sqr-150x150.jpg 150w, https:\/\/antechindustry.com\/wp-content\/uploads\/2020\/02\/mayche-sqr-100x100.jpg 100w, https:\/\/antechindustry.com\/wp-content\/uploads\/2020\/02\/mayche-sqr.jpg 562w\" sizes=\"(max-width: 300px) 100vw, 300px\" \/><\/p>\n<p><strong>Easy to clean &#8211; maintain:<\/strong><br \/>\nAs we know, Cashew nut shell has a high acid content, easily adheres to the machine wall and components in the machine. ANTECH automatic cashew shelling machine is made from easy-to-clean materials such as stainless steel, so it is very convenient to clean the machine. Moreover, the parts are fitted with wheels so that they can be easily moved, dismantled and arranged so it is very convenient for maintenance and maintenance of machines.<br \/>\n<strong>Sales and after-sales service:<\/strong><br \/>\nAll products of Antech before being delivered to customers are checked strictly for output quality. Products must ensure the highest level of completeness according to the company&rsquo;s standards to ensure the safety for users. In addition, we also technical support and instructions &#8211; maintenance for customers during the use of the machine.<br \/>\nAutomatic cashew shelling machine has a technical warranty within 12 months from the date the machine is tested, transferred and put into use.<br \/>\nANTECH is a brand of ANTECH Global Company, one of the leading cashew machine\u00a0manufacturing in the Viet Nam. After the research and manufacturing , Antech has successfully manufactured an automatic cashew processing line with a capacity of 10-60 tons\/days \/10 hours.<br \/>\nThis is the first cashew processing line with automation technology in the world. This cashew processing line has been successfully applied in the Vietnamese market. It offers superior performance compared to previous traditional production lines. Output up to 60 tons \/ day with only 30% labor compared to traditional production lines. It saves on labor cost, time and especially 100% quality products.<br \/>\nTo succeed as today, ANTECH always grateful for the comments from customers. ANTECH always appreciate that, it helps us grow and more. Thank customers for trusting and using machine of ANTECH.\u00a0To discover more about our products, please <a href=\"http:\/\/antechindustry.com\/products\/\">click here<\/a>.<\/p>\n<p><strong>ANTECH TECHNICAL CO. LTD.<br \/>\n<\/strong><strong>Office:\u00a0<\/strong>8th Floor-Pear Plaza Building, 561A Dien Bien Phu St., Ward 25, Binh Thanh Dist., <a href=\"https:\/\/www.google.com\/maps?ll=10.79996,106.718563&amp;z=16&amp;t=m&amp;hl=vi&amp;gl=US&amp;mapclient=embed&amp;q=561A+%C4%90i%E1%BB%87n+Bi%C3%AAn+Ph%E1%BB%A7+Ph%C6%B0%E1%BB%9Dng+25+B%C3%ACnh+Th%E1%BA%A1nh+Th%C3%A0nh+ph%E1%BB%91+H%E1%BB%93+Ch%C3%AD+Minh\" target=\"_blank\" rel=\"noopener\">Ho Chi Minh City, Viet Nam<\/a><br \/>\n<strong>Factory:<\/strong>\u00a0Thac Mo Ward, Phuoc Long Dist., Binh Phuoc Prov., Viet Nam<br \/>\n<strong>Tel:<\/strong>\u00a0<a href=\"tel:+84373868997\">(+84) 373 868 997<\/a>\u00a0\u2013\u00a0<a href=\"tel:+84707080107\">(+84) 7 07 08 01 07<\/a><br \/>\n<strong>WhatsApp\/Viber:<\/strong> <a href=\"tel:+84373868997\">(+84) 373 868 997<\/a><strong>\u00a0&#8211;\u00a0<\/strong><a href=\"tel:+84707080107\">(+84) 707080107<\/a><br \/>\n<strong>Website:\u00a0<a href=\"https:\/\/antechindustry.com\/fr\/\">https:\/\/antechindustry.com<\/a><\/strong><br \/>\n<strong>Email:<\/strong>\u00a0<a href=\"mailto:info@antechindustry.com\">info@ntechindustry.com<\/a><\/p>\n","protected":false},"excerpt":{"rendered":"<p><strong>Mod\u00e8le: AVASL-4H<\/strong><br \/>\nCapacit\u00e9: 1,100-1,200 Kg\/h<br \/>\nPuissance: 22Kw\/30Hp<br \/>\nTension: 3phases-380V-50Hz (60Hz)<br \/>\nDimension d&rsquo;installation (L*L*H): 17,5*5,2*3,8 (m)<br \/>\nTaux de coupe entier: 90-95%<br \/>\nTaux de noix cass\u00e9es: 1-5%<br \/>\n<span style=\"color: #333333;\">Mate\u0301riel en acier inoxydable<br \/>\n<\/span><strong>Inclus:<br \/>\n<\/strong>&#8211; Machines \u00e0 d\u00e9cortiquer les noix de cajou: 4 unit\u00e9s (40 couteaux)<br \/>\n&#8211; R\u00e9servoir de noix de cajou crue<br \/>\n&#8211; Hope noix de cajou crue<br \/>\n&#8211; Machine \u00e0 tamiser<br \/>\n&#8211; Unshell &amp; shell segrigate syst\u00e8me.<br \/>\n&#8211; Ventilateur<br \/>\n&#8211; Centrifuge<br \/>\n&#8211; Machine de calibrage Rullor<br \/>\n&#8211; Syst\u00e8me Kernel &amp; Dust Segrigate<br \/>\n&#8211; Seau en plastique<br \/>\n&#8211; Syst\u00e8me de manutention Shell<br \/>\n&#8211; Armoire de commande (avec contr\u00f4le de l&rsquo;onduleur)<\/p>\n","protected":false},"featured_media":1372,"comment_status":"open","ping_status":"closed","template":"","meta":[],"product_brand":[],"product_cat":[90],"product_tag":[],"class_list":{"0":"post-868","1":"product","2":"type-product","3":"status-publish","4":"has-post-thumbnail","6":"product_cat-machine-de-noix-de-cajou","8":"first","9":"instock","10":"shipping-taxable","11":"product-type-simple"},"amp_enabled":true,"_links":{"self":[{"href":"https:\/\/antechindustry.com\/fr\/wp-json\/wp\/v2\/product\/868","targetHints":{"allow":["GET"]}}],"collection":[{"href":"https:\/\/antechindustry.com\/fr\/wp-json\/wp\/v2\/product"}],"about":[{"href":"https:\/\/antechindustry.com\/fr\/wp-json\/wp\/v2\/types\/product"}],"replies":[{"embeddable":true,"href":"https:\/\/antechindustry.com\/fr\/wp-json\/wp\/v2\/comments?post=868"}],"wp:featuredmedia":[{"embeddable":true,"href":"https:\/\/antechindustry.com\/fr\/wp-json\/wp\/v2\/media\/1372"}],"wp:attachment":[{"href":"https:\/\/antechindustry.com\/fr\/wp-json\/wp\/v2\/media?parent=868"}],"wp:term":[{"taxonomy":"product_brand","embeddable":true,"href":"https:\/\/antechindustry.com\/fr\/wp-json\/wp\/v2\/product_brand?post=868"},{"taxonomy":"product_cat","embeddable":true,"href":"https:\/\/antechindustry.com\/fr\/wp-json\/wp\/v2\/product_cat?post=868"},{"taxonomy":"product_tag","embeddable":true,"href":"https:\/\/antechindustry.com\/fr\/wp-json\/wp\/v2\/product_tag?post=868"}],"curies":[{"name":"wp","href":"https:\/\/api.w.org\/{rel}","templated":true}]}}