{"id":895,"date":"2020-02-06T03:03:08","date_gmt":"2020-02-05T20:03:08","guid":{"rendered":"https:\/\/antechindustry.com\/stand-casshew-steaming-machine\/"},"modified":"2023-01-13T06:47:55","modified_gmt":"2023-01-12T23:47:55","slug":"machine-a-vapeur-de-cajou","status":"publish","type":"product","link":"https:\/\/antechindustry.com\/fr\/machine-a-vapeur-de-cajou\/","title":{"rendered":"Machine \u00c0 Vapeur De Cajou"},"content":{"rendered":"<div>\n<p>&nbsp;<\/p>\n<\/div>\n<div><\/div>\n","protected":false},"excerpt":{"rendered":"<p><strong>Mod\u00e8le: AVSTS-1T<br \/>\n<\/strong>Capacit\u00e9: 1000 kg\/lot<br \/>\nTemps: 20-25 minutes\/lot<br \/>\nPuissance: 3Kw\/4Hp<br \/>\nTension: 3 phases-380V-50Hz (60Hz)<br \/>\nDimension d&rsquo;installation (L*L*H): 4,2*2,2*4,8 (m)<br \/>\nLe taux de vapeur sont: 99-100%<br \/>\nCuire \u00e0 la vapeur avec de la vapeur satur\u00e9e fournie par la chaudi\u00e8re<br \/>\n<strong>Inclus:<br \/>\n<\/strong>&#8211; \u00c9l\u00e9vateur \u00e0 godets<br \/>\n&#8211; Chariot<br \/>\n&#8211; Chambre de contr\u00f4le<\/p>\n","protected":false},"featured_media":1303,"comment_status":"open","ping_status":"closed","template":"","meta":[],"product_brand":[],"product_cat":[90],"product_tag":[],"class_list":{"0":"post-895","1":"product","2":"type-product","3":"status-publish","4":"has-post-thumbnail","6":"product_cat-machine-de-noix-de-cajou","8":"first","9":"instock","10":"shipping-taxable","11":"product-type-simple"},"amp_enabled":true,"_links":{"self":[{"href":"https:\/\/antechindustry.com\/fr\/wp-json\/wp\/v2\/product\/895","targetHints":{"allow":["GET"]}}],"collection":[{"href":"https:\/\/antechindustry.com\/fr\/wp-json\/wp\/v2\/product"}],"about":[{"href":"https:\/\/antechindustry.com\/fr\/wp-json\/wp\/v2\/types\/product"}],"replies":[{"embeddable":true,"href":"https:\/\/antechindustry.com\/fr\/wp-json\/wp\/v2\/comments?post=895"}],"wp:featuredmedia":[{"embeddable":true,"href":"https:\/\/antechindustry.com\/fr\/wp-json\/wp\/v2\/media\/1303"}],"wp:attachment":[{"href":"https:\/\/antechindustry.com\/fr\/wp-json\/wp\/v2\/media?parent=895"}],"wp:term":[{"taxonomy":"product_brand","embeddable":true,"href":"https:\/\/antechindustry.com\/fr\/wp-json\/wp\/v2\/product_brand?post=895"},{"taxonomy":"product_cat","embeddable":true,"href":"https:\/\/antechindustry.com\/fr\/wp-json\/wp\/v2\/product_cat?post=895"},{"taxonomy":"product_tag","embeddable":true,"href":"https:\/\/antechindustry.com\/fr\/wp-json\/wp\/v2\/product_tag?post=895"}],"curies":[{"name":"wp","href":"https:\/\/api.w.org\/{rel}","templated":true}]}}