{"id":908,"date":"2020-02-06T03:03:30","date_gmt":"2020-02-05T20:03:30","guid":{"rendered":"https:\/\/antechindustry.com\/cashew-peeling-machine\/"},"modified":"2021-09-15T16:34:25","modified_gmt":"2021-09-15T09:34:25","slug":"machine-a-eplucher-les-noix-de-cajou","status":"publish","type":"product","link":"https:\/\/antechindustry.com\/fr\/machine-a-eplucher-les-noix-de-cajou\/","title":{"rendered":"Machine \u00c0 \u00c9plucher Les Noix De Cajou"},"content":{"rendered":"<p>In the cashew processing line, cashew peeling is a time-consuming process, labor and working environment are very dusty, affecting the health of workers.<br \/>\nTo help producers save money, time and protect employees&rsquo; health.<br \/>\nAntech has successfully researched, designed and manufactured cashew peeling machine with the most advanced technology. Compared with cashew peeling machines on the market, Antech cashew \u00a0peeling machines are completely superior in capacity and efficiency.<br \/>\n<strong>Antech Cashew Peeling Machine:<\/strong><br \/>\n&#8211; Quality assurance of products<br \/>\n&#8211; Improve production efficiency<br \/>\n&#8211; Reducing 90% of labor force in the process of peeling<br \/>\n&#8211; The working environment is guaranteed<br \/>\n&#8211; Operate to easy and maintain<\/p>\n","protected":false},"excerpt":{"rendered":"<p><strong>Mod\u00e8le: AVPEE-2H<\/strong><br \/>\nCapacit\u00e9: 300-350 kg\/h<br \/>\nPuissance: 4Kw\/5.5hp<br \/>\nTension: 3phases-380V-50Hz (60Hz)<br \/>\nDimension d&rsquo;installation (L*L*H): 10,5*1,2*2,8 (m)<br \/>\nPourcentage de blancs blancs: 90-95%.<br \/>\nTaux cass\u00e9: &lt;8%<\/p>\n<p><strong>Mod\u00e8le: AVPEE-4H<\/strong><br \/>\nCapacit\u00e9: 400-450 kg\/h<br \/>\nPuissance: 5.5Kw\/7hp<br \/>\nTension: 3 phases-380V-50Hz (60Hz)<br \/>\nDimension d&rsquo;installation (L*L*H): 10,5*1,2*2,8 (m)<br \/>\nPourcentage de blancs blancs: 90-95%.<br \/>\nTaux cass\u00e9: &lt;8%<\/p>\n<p><strong>Mod\u00e8le: AVPEE-8H<\/strong><br \/>\nCapacit\u00e9: 550-600 kg\/h<br \/>\nPuissance: 7,5Kw\/10hp<br \/>\nTension: 3 phases-380V-50Hz (60Hz)<br \/>\nDimension d&rsquo;installation (L*L*H): 10,5*1,4*2,8 (m)<br \/>\nPourcentage de blancs blancs: 90-95%.<br \/>\nTaux cass\u00e9: &lt;8%<\/p>\n<p><strong>Inclure:<\/strong><br \/>\nR\u00e9servoir de noix de cajou<br \/>\n\u00c9l\u00e9vateur \u00e0 godets<br \/>\nVibration automatique du chargeur<br \/>\nArmoire de commande (avec commande d&rsquo;onduleur)<br \/>\nMate\u0301riel en acier inoxydable<\/p>\n<p>&nbsp;<\/p>\n","protected":false},"featured_media":1294,"comment_status":"open","ping_status":"closed","template":"","meta":[],"product_brand":[],"product_cat":[90],"product_tag":[],"class_list":{"0":"post-908","1":"product","2":"type-product","3":"status-publish","4":"has-post-thumbnail","6":"product_cat-machine-de-noix-de-cajou","8":"first","9":"instock","10":"shipping-taxable","11":"product-type-simple"},"amp_enabled":true,"_links":{"self":[{"href":"https:\/\/antechindustry.com\/fr\/wp-json\/wp\/v2\/product\/908","targetHints":{"allow":["GET"]}}],"collection":[{"href":"https:\/\/antechindustry.com\/fr\/wp-json\/wp\/v2\/product"}],"about":[{"href":"https:\/\/antechindustry.com\/fr\/wp-json\/wp\/v2\/types\/product"}],"replies":[{"embeddable":true,"href":"https:\/\/antechindustry.com\/fr\/wp-json\/wp\/v2\/comments?post=908"}],"wp:featuredmedia":[{"embeddable":true,"href":"https:\/\/antechindustry.com\/fr\/wp-json\/wp\/v2\/media\/1294"}],"wp:attachment":[{"href":"https:\/\/antechindustry.com\/fr\/wp-json\/wp\/v2\/media?parent=908"}],"wp:term":[{"taxonomy":"product_brand","embeddable":true,"href":"https:\/\/antechindustry.com\/fr\/wp-json\/wp\/v2\/product_brand?post=908"},{"taxonomy":"product_cat","embeddable":true,"href":"https:\/\/antechindustry.com\/fr\/wp-json\/wp\/v2\/product_cat?post=908"},{"taxonomy":"product_tag","embeddable":true,"href":"https:\/\/antechindustry.com\/fr\/wp-json\/wp\/v2\/product_tag?post=908"}],"curies":[{"name":"wp","href":"https:\/\/api.w.org\/{rel}","templated":true}]}}