{"id":930,"date":"2020-02-06T03:05:09","date_gmt":"2020-02-05T20:05:09","guid":{"rendered":"https:\/\/antechindustry.com\/cashew-dryer\/"},"modified":"2021-09-15T16:35:24","modified_gmt":"2021-09-15T09:35:24","slug":"sechoir-a-noix-de-cajou","status":"publish","type":"product","link":"https:\/\/antechindustry.com\/fr\/sechoir-a-noix-de-cajou\/","title":{"rendered":"S\u00e9choir \u00c0 Noix De Cajou"},"content":{"rendered":"","protected":false},"excerpt":{"rendered":"<div>\n<p><strong><span lang=\"FR-CA\">Mod\u00e8le: AVDRY-1T<\/span><\/strong><b><span lang=\"FR-CA\"><br \/>\n<\/span><\/b><span lang=\"FR-CA\">Capacit\u00e9: 1,100-1,200 kg\/lot<br \/>\nTemps de s\u00e9chage: 8-12 heures<br \/>\nPuissance: 1.5Kw\/2Hp<br \/>\nTension: 3phases-380V-50Hz (60Hz)<br \/>\nTaux de similarit\u00e9&gt; 90%<br \/>\n04 wagons (160 plateaux)<br \/>\nDimension d&rsquo;installation (L*L*H): 3,8*2,2*2,2 (m)<br \/>\nS\u00e9chage avec de la vapeur satur\u00e9e fournie par la chaudi\u00e8re<\/span><\/p>\n<\/div>\n<div>\n<p><strong><span lang=\"FR-CA\">Mod\u00e8le: AVDRY-2T<\/span><\/strong><b><span lang=\"FR-CA\"><br \/>\n<\/span><\/b><span lang=\"FR-CA\">Capacit\u00e9: 2,200-2,400 kg\/lot<br \/>\nTemps de s\u00e9chage: 8-12 heures<br \/>\nPuissance: 3Kw\/4Hp<br \/>\nTension: 3phases-380V-50Hz (60Hz)<br \/>\nTaux de similarit\u00e9&gt; 90%<br \/>\n08 wagons (320 plateaux)<br \/>\nDimension d&rsquo;installation (L*W*H): 6*2.2*2.2 (m)<br \/>\nS\u00e9chage avec de la vapeur satur\u00e9e fournie par la chaudi\u00e8re<\/span><\/p>\n<\/div>\n","protected":false},"featured_media":1308,"comment_status":"open","ping_status":"closed","template":"","meta":[],"product_brand":[],"product_cat":[90],"product_tag":[],"class_list":{"0":"post-930","1":"product","2":"type-product","3":"status-publish","4":"has-post-thumbnail","6":"product_cat-machine-de-noix-de-cajou","8":"first","9":"instock","10":"shipping-taxable","11":"product-type-simple"},"amp_enabled":true,"_links":{"self":[{"href":"https:\/\/antechindustry.com\/fr\/wp-json\/wp\/v2\/product\/930","targetHints":{"allow":["GET"]}}],"collection":[{"href":"https:\/\/antechindustry.com\/fr\/wp-json\/wp\/v2\/product"}],"about":[{"href":"https:\/\/antechindustry.com\/fr\/wp-json\/wp\/v2\/types\/product"}],"replies":[{"embeddable":true,"href":"https:\/\/antechindustry.com\/fr\/wp-json\/wp\/v2\/comments?post=930"}],"wp:featuredmedia":[{"embeddable":true,"href":"https:\/\/antechindustry.com\/fr\/wp-json\/wp\/v2\/media\/1308"}],"wp:attachment":[{"href":"https:\/\/antechindustry.com\/fr\/wp-json\/wp\/v2\/media?parent=930"}],"wp:term":[{"taxonomy":"product_brand","embeddable":true,"href":"https:\/\/antechindustry.com\/fr\/wp-json\/wp\/v2\/product_brand?post=930"},{"taxonomy":"product_cat","embeddable":true,"href":"https:\/\/antechindustry.com\/fr\/wp-json\/wp\/v2\/product_cat?post=930"},{"taxonomy":"product_tag","embeddable":true,"href":"https:\/\/antechindustry.com\/fr\/wp-json\/wp\/v2\/product_tag?post=930"}],"curies":[{"name":"wp","href":"https:\/\/api.w.org\/{rel}","templated":true}]}}