{"id":934,"date":"2020-02-06T03:07:12","date_gmt":"2020-02-05T20:07:12","guid":{"rendered":"https:\/\/antechindustry.com\/cashew-nut-classify-machine\/"},"modified":"2024-09-18T16:50:33","modified_gmt":"2024-09-18T09:50:33","slug":"machine-de-classification-de-noix-de-cajou","status":"publish","type":"product","link":"https:\/\/antechindustry.com\/fr\/machine-de-classification-de-noix-de-cajou\/","title":{"rendered":"Machine De Classification De Noix De Cajou"},"content":{"rendered":"","protected":false},"excerpt":{"rendered":"<div>\n<p><strong><span lang=\"FR-CA\">Mod\u00e8le: AVKSS-18<\/span><\/strong><b><span lang=\"FR-CA\"><br \/>\n<\/span><\/b><span lang=\"FR-CA\">Capacit\u00e9: 200-250 kg\/h<br \/>\nPuissance: 0.75Kw\/1Hp<br \/>\nTension: 3phases-380V-50Hz (60Hz)<br \/>\nDimension d&rsquo;installation (L*L*H): 8,5*1*2,6 (m)<br \/>\nApr\u00e8s avoir class\u00e9 4 types<\/span><\/p>\n<\/div>\n<div>\n<p><strong><span lang=\"FR-CA\">Mod\u00e8le: AVKSS-24<\/span><\/strong><b><span lang=\"FR-CA\"><br \/>\n<\/span><\/b><span lang=\"FR-CA\">Capacit\u00e9: 400-450 kg\/h<br \/>\nPuissance: 0.75Kw\/1Hp<br \/>\nTension: 3phases-380V-50Hz (60Hz)<br \/>\nDimension d&rsquo;installation (L*L*H): 8,5*1,2*2,6 (m)<br \/>\nApr\u00e8s avoir class\u00e9 4 types<\/span><\/p>\n<\/div>\n<div>\n<p><strong><span lang=\"FR-CA\">Mod\u00e8le: AVKSS-32<\/span><\/strong><b><span lang=\"FR-CA\"><br \/>\n<\/span><\/b><span lang=\"FR-CA\">Capacit\u00e9: 600-650 kg\/h<br \/>\nPuissance: 1Kw\/1.3Hp<br \/>\nTension: 3phases-380V-50Hz (60Hz)<br \/>\nDimension d&rsquo;installation (L*W*H): 9,5*1,5*2,6 (m)<br \/>\nApr\u00e8s avoir class\u00e9 5 types<\/span><\/p>\n<\/div>\n<div><b><span lang=\"FR-CA\">Inclus:<br \/>\n<\/span><\/b><\/div>\n<div><span lang=\"FR-CA\">&#8211; Noix de noyau de r\u00e9servoir<b><br \/>\n<\/b>&#8211; \u00c9l\u00e9vateur \u00e0 godets<b><br \/>\n<\/b>&#8211; Vibration automatique du chargeur<b><br \/>\n<\/b>&#8211; Armoire de commande (avec contr\u00f4le de onduleur)<br \/>\n&#8211; Mate\u0301riel en acier inoxydable <\/span><\/div>\n","protected":false},"featured_media":1346,"comment_status":"open","ping_status":"closed","template":"","meta":[],"product_brand":[],"product_cat":[90],"product_tag":[],"class_list":{"0":"post-934","1":"product","2":"type-product","3":"status-publish","4":"has-post-thumbnail","6":"product_cat-machine-de-noix-de-cajou","8":"first","9":"instock","10":"shipping-taxable","11":"product-type-simple"},"amp_enabled":true,"_links":{"self":[{"href":"https:\/\/antechindustry.com\/fr\/wp-json\/wp\/v2\/product\/934","targetHints":{"allow":["GET"]}}],"collection":[{"href":"https:\/\/antechindustry.com\/fr\/wp-json\/wp\/v2\/product"}],"about":[{"href":"https:\/\/antechindustry.com\/fr\/wp-json\/wp\/v2\/types\/product"}],"replies":[{"embeddable":true,"href":"https:\/\/antechindustry.com\/fr\/wp-json\/wp\/v2\/comments?post=934"}],"wp:featuredmedia":[{"embeddable":true,"href":"https:\/\/antechindustry.com\/fr\/wp-json\/wp\/v2\/media\/1346"}],"wp:attachment":[{"href":"https:\/\/antechindustry.com\/fr\/wp-json\/wp\/v2\/media?parent=934"}],"wp:term":[{"taxonomy":"product_brand","embeddable":true,"href":"https:\/\/antechindustry.com\/fr\/wp-json\/wp\/v2\/product_brand?post=934"},{"taxonomy":"product_cat","embeddable":true,"href":"https:\/\/antechindustry.com\/fr\/wp-json\/wp\/v2\/product_cat?post=934"},{"taxonomy":"product_tag","embeddable":true,"href":"https:\/\/antechindustry.com\/fr\/wp-json\/wp\/v2\/product_tag?post=934"}],"curies":[{"name":"wp","href":"https:\/\/api.w.org\/{rel}","templated":true}]}}