{"id":850,"date":"2020-02-06T03:13:12","date_gmt":"2020-02-05T20:13:12","guid":{"rendered":"https:\/\/antechindustry.com\/automatic-vacuum-packing-processing-line\/"},"modified":"2024-10-14T06:57:38","modified_gmt":"2024-10-13T23:57:38","slug":"automatic-vacuum-packing-processing-line","status":"publish","type":"product","link":"https:\/\/antechindustry.com\/pt-pt\/automatic-vacuum-packing-processing-line\/","title":{"rendered":"Linha De Embalagem A V\u00e1cuo Autom\u00e1tico"},"content":{"rendered":"","protected":false},"excerpt":{"rendered":"<p><strong>Modelo: AVAPL<br \/>\n<\/strong>Pot\u00eancia: 5.5Kw\/7Hp<br \/>\nVoltagem: 3f\u00e1sico -380V-50Hz (60Hz)<br \/>\nDimens\u00e3o de instala\u00e7\u00e3o (L*W*H): 14*1.5*2.8 (m)<br \/>\n<strong>Inclue:<br \/>\n<\/strong>&#8211; Elevador de balde<br \/>\n&#8211; Sistema de peneirar e sistema de agita\u00e7\u00e3o<br \/>\n&#8211; Inspecionar o transportador de correia<br \/>\n&#8211; Coletor de poeira<br \/>\n&#8211; Detector de metal<br \/>\n&#8211; Transferir elevador<br \/>\n&#8211; Funil<br \/>\n&#8211; Peso<br \/>\n&#8211; Vibrador<br \/>\n&#8211; M\u00e1quina de embalagem a v\u00e1cuo<\/p>\n","protected":false},"featured_media":1532,"comment_status":"open","ping_status":"closed","template":"","meta":[],"product_brand":[],"product_cat":[91],"product_tag":[],"class_list":{"0":"post-850","1":"product","2":"type-product","3":"status-publish","4":"has-post-thumbnail","6":"product_cat-maquina-de-caju","8":"first","9":"instock","10":"shipping-taxable","11":"product-type-simple"},"amp_enabled":true,"_links":{"self":[{"href":"https:\/\/antechindustry.com\/pt-pt\/wp-json\/wp\/v2\/product\/850","targetHints":{"allow":["GET"]}}],"collection":[{"href":"https:\/\/antechindustry.com\/pt-pt\/wp-json\/wp\/v2\/product"}],"about":[{"href":"https:\/\/antechindustry.com\/pt-pt\/wp-json\/wp\/v2\/types\/product"}],"replies":[{"embeddable":true,"href":"https:\/\/antechindustry.com\/pt-pt\/wp-json\/wp\/v2\/comments?post=850"}],"wp:featuredmedia":[{"embeddable":true,"href":"https:\/\/antechindustry.com\/pt-pt\/wp-json\/wp\/v2\/media\/1532"}],"wp:attachment":[{"href":"https:\/\/antechindustry.com\/pt-pt\/wp-json\/wp\/v2\/media?parent=850"}],"wp:term":[{"taxonomy":"product_brand","embeddable":true,"href":"https:\/\/antechindustry.com\/pt-pt\/wp-json\/wp\/v2\/product_brand?post=850"},{"taxonomy":"product_cat","embeddable":true,"href":"https:\/\/antechindustry.com\/pt-pt\/wp-json\/wp\/v2\/product_cat?post=850"},{"taxonomy":"product_tag","embeddable":true,"href":"https:\/\/antechindustry.com\/pt-pt\/wp-json\/wp\/v2\/product_tag?post=850"}],"curies":[{"name":"wp","href":"https:\/\/api.w.org\/{rel}","templated":true}]}}