{"id":856,"date":"2020-03-01T23:23:09","date_gmt":"2020-03-01T16:23:09","guid":{"rendered":"https:\/\/antechindustry.com\/cashew-moisture-meter\/"},"modified":"2024-09-03T13:20:42","modified_gmt":"2024-09-03T06:20:42","slug":"cashew-moisture-meter","status":"publish","type":"product","link":"https:\/\/antechindustry.com\/pt-pt\/cashew-moisture-meter\/","title":{"rendered":"M\u00e1quina Do Medidor De Umidade Do Caju"},"content":{"rendered":"","protected":false},"excerpt":{"rendered":"<p><strong>Modelo: AVRMM<br \/>\n<\/strong>Testador de medidor de umidade de caju cru<br \/>\nCalibrado e testado segundo a medi\u00e7\u00e3o de qualidade padr\u00e3o do Vietn\u00e3<br \/>\nAlcance da medi\u00e7\u00e3o: de 0.0% a 40.0%<br \/>\nPrecis\u00e3o : \u00b10.2%<br \/>\nTamanho de amostra: 1.770L<br \/>\nTempo de medi\u00e7\u00e3o: continuidade<br \/>\nDimens\u00f5es (LxWxH): 130x135x180 (mm)<\/p>\n","protected":false},"featured_media":1605,"comment_status":"open","ping_status":"closed","template":"","meta":[],"product_brand":[],"product_cat":[91],"product_tag":[],"class_list":{"0":"post-856","1":"product","2":"type-product","3":"status-publish","4":"has-post-thumbnail","6":"product_cat-maquina-de-caju","8":"first","9":"instock","10":"shipping-taxable","11":"product-type-simple"},"amp_enabled":true,"_links":{"self":[{"href":"https:\/\/antechindustry.com\/pt-pt\/wp-json\/wp\/v2\/product\/856","targetHints":{"allow":["GET"]}}],"collection":[{"href":"https:\/\/antechindustry.com\/pt-pt\/wp-json\/wp\/v2\/product"}],"about":[{"href":"https:\/\/antechindustry.com\/pt-pt\/wp-json\/wp\/v2\/types\/product"}],"replies":[{"embeddable":true,"href":"https:\/\/antechindustry.com\/pt-pt\/wp-json\/wp\/v2\/comments?post=856"}],"wp:featuredmedia":[{"embeddable":true,"href":"https:\/\/antechindustry.com\/pt-pt\/wp-json\/wp\/v2\/media\/1605"}],"wp:attachment":[{"href":"https:\/\/antechindustry.com\/pt-pt\/wp-json\/wp\/v2\/media?parent=856"}],"wp:term":[{"taxonomy":"product_brand","embeddable":true,"href":"https:\/\/antechindustry.com\/pt-pt\/wp-json\/wp\/v2\/product_brand?post=856"},{"taxonomy":"product_cat","embeddable":true,"href":"https:\/\/antechindustry.com\/pt-pt\/wp-json\/wp\/v2\/product_cat?post=856"},{"taxonomy":"product_tag","embeddable":true,"href":"https:\/\/antechindustry.com\/pt-pt\/wp-json\/wp\/v2\/product_tag?post=856"}],"curies":[{"name":"wp","href":"https:\/\/api.w.org\/{rel}","templated":true}]}}