{"id":863,"date":"2020-02-04T15:31:43","date_gmt":"2020-02-04T08:31:43","guid":{"rendered":"https:\/\/antechindustry.com\/raw-cashew-size-sorting-machine\/"},"modified":"2024-07-10T17:12:39","modified_gmt":"2024-07-10T10:12:39","slug":"maquina-de-classificacao-por-tamanho-de-castanha-do-caju","status":"publish","type":"product","link":"https:\/\/antechindustry.com\/pt-pt\/maquina-de-classificacao-por-tamanho-de-castanha-do-caju\/","title":{"rendered":"M\u00e1quina De Classifica\u00e7\u00e3o Por Tamanho De Castanha Do Caju"},"content":{"rendered":"","protected":false},"excerpt":{"rendered":"<p><strong>Modelo: AVRSS6 (6 Metros)<br \/>\n<\/strong>Capacidade: 1,000 \u2013 1,100 kg\/h<br \/>\nPot\u00eancia: 2.2Kw\/3Hp<br \/>\nVoltagem: 3f\u00e1sico-380V-50Hz (60Hz)<br \/>\nDimens\u00e3o de instala\u00e7\u00e3o (L*W*H): 10.5*1.6*2.4 (m)<\/p>\n<p><strong>Modelo: AVRSS9 (9 Metros)<br \/>\n<\/strong>Capacidade: 1,700 \u2013 1,800 kg\/h<br \/>\nPot\u00eancia: 3Kw\/4Hp<br \/>\nVoltagem: 3f\u00e1sico-380V-50Hz (60Hz)<br \/>\nDimens\u00e3o de instala\u00e7\u00e3o (L*W*H): 14.5*1.8*2.4 (m)<\/p>\n<p><strong>Modelo: AVRSS12 (12 Metros)<br \/>\n<\/strong>Capacidade: 2,400 \u2013 2,500 kg\/h<br \/>\nPot\u00eancia: 3.7Kw\/5Hp<br \/>\nVoltagem: 3f\u00e1sico-380V-50Hz (60Hz)<br \/>\nDimens\u00e3o de instala\u00e7\u00e3o (L*W*H): 16.5*2.2*2.4 (m)<\/p>\n<p><strong>I<\/strong><strong>nclui:<br \/>\n<\/strong>&#8211; Tanque de caju cru<br \/>\n&#8211; Elevador de balde<br \/>\n&#8211; M\u00e1quina classificadora<br \/>\n&#8211; Cabine de controle<br \/>\nAp\u00f3s a classifica\u00e7\u00e3o, obteremos 5 tipos de cajus crus com tamanhos diferentes.<\/p>\n","protected":false},"featured_media":1282,"comment_status":"open","ping_status":"closed","template":"","meta":[],"product_brand":[],"product_cat":[91],"product_tag":[],"class_list":{"0":"post-863","1":"product","2":"type-product","3":"status-publish","4":"has-post-thumbnail","6":"product_cat-maquina-de-caju","8":"first","9":"instock","10":"shipping-taxable","11":"product-type-simple"},"amp_enabled":true,"_links":{"self":[{"href":"https:\/\/antechindustry.com\/pt-pt\/wp-json\/wp\/v2\/product\/863","targetHints":{"allow":["GET"]}}],"collection":[{"href":"https:\/\/antechindustry.com\/pt-pt\/wp-json\/wp\/v2\/product"}],"about":[{"href":"https:\/\/antechindustry.com\/pt-pt\/wp-json\/wp\/v2\/types\/product"}],"replies":[{"embeddable":true,"href":"https:\/\/antechindustry.com\/pt-pt\/wp-json\/wp\/v2\/comments?post=863"}],"wp:featuredmedia":[{"embeddable":true,"href":"https:\/\/antechindustry.com\/pt-pt\/wp-json\/wp\/v2\/media\/1282"}],"wp:attachment":[{"href":"https:\/\/antechindustry.com\/pt-pt\/wp-json\/wp\/v2\/media?parent=863"}],"wp:term":[{"taxonomy":"product_brand","embeddable":true,"href":"https:\/\/antechindustry.com\/pt-pt\/wp-json\/wp\/v2\/product_brand?post=863"},{"taxonomy":"product_cat","embeddable":true,"href":"https:\/\/antechindustry.com\/pt-pt\/wp-json\/wp\/v2\/product_cat?post=863"},{"taxonomy":"product_tag","embeddable":true,"href":"https:\/\/antechindustry.com\/pt-pt\/wp-json\/wp\/v2\/product_tag?post=863"}],"curies":[{"name":"wp","href":"https:\/\/api.w.org\/{rel}","templated":true}]}}