{"id":886,"date":"2020-02-06T02:59:03","date_gmt":"2020-02-05T19:59:03","guid":{"rendered":"https:\/\/antechindustry.com\/boiler\/"},"modified":"2024-09-06T18:45:56","modified_gmt":"2024-09-06T11:45:56","slug":"boiler","status":"publish","type":"product","link":"https:\/\/antechindustry.com\/pt-pt\/boiler\/","title":{"rendered":"Caldeira"},"content":{"rendered":"","protected":false},"excerpt":{"rendered":"<p><strong>Modelo: AVBOI-1T<br \/>\n<\/strong>Capacidade: 1,000kg\/h<br \/>\nPot\u00eancia: 7.5Kw\/10Hp<br \/>\nVoltagem: 3f\u00e1sico-380V-50Hz<br \/>\nDimens\u00e3o de instala\u00e7\u00e3o (L*W*H): 4.2*2.6*3.2 (m)<br \/>\nPress\u00e3o m\u00e1xima de trabalho: 6 kg\/cm2<br \/>\nPress\u00e3o de teste de refrigera\u00e7\u00e3o: 15 kg\/cm2<br \/>\nCombust\u00edvel para aquecimento: casca de caju, madeira<br \/>\nCapacidade nominal m\u00e1xima: 1,000 kg\/h<\/p>\n<p><strong>Modelo: AVBOI-2T<br \/>\n<\/strong>Capacidade: 2,000kg\/h<br \/>\nPot\u00eancia: 11Kw\/15Hp<br \/>\nVoltagem: 3f\u00e1sico-380V-50Hz (60Hz)<br \/>\nDimens\u00e3o de instala\u00e7\u00e3o (L*W*H): 5.8*2.6*3.2 (m)<br \/>\nPress\u00e3o m\u00e1xima de trabalho: 6 kg\/cm2<br \/>\nPress\u00e3o de teste de refrigera\u00e7\u00e3o:: 15 kg\/cm2<br \/>\nCombust\u00edvel para aquecimento: casca de caju, madeira\u2026..<br \/>\nCapacidade nominal m\u00e1xima: 2,000 kg\/h<\/p>\n","protected":false},"featured_media":1477,"comment_status":"open","ping_status":"closed","template":"","meta":[],"product_brand":[],"product_cat":[91],"product_tag":[],"class_list":{"0":"post-886","1":"product","2":"type-product","3":"status-publish","4":"has-post-thumbnail","6":"product_cat-maquina-de-caju","8":"first","9":"instock","10":"shipping-taxable","11":"product-type-simple"},"amp_enabled":true,"_links":{"self":[{"href":"https:\/\/antechindustry.com\/pt-pt\/wp-json\/wp\/v2\/product\/886","targetHints":{"allow":["GET"]}}],"collection":[{"href":"https:\/\/antechindustry.com\/pt-pt\/wp-json\/wp\/v2\/product"}],"about":[{"href":"https:\/\/antechindustry.com\/pt-pt\/wp-json\/wp\/v2\/types\/product"}],"replies":[{"embeddable":true,"href":"https:\/\/antechindustry.com\/pt-pt\/wp-json\/wp\/v2\/comments?post=886"}],"wp:featuredmedia":[{"embeddable":true,"href":"https:\/\/antechindustry.com\/pt-pt\/wp-json\/wp\/v2\/media\/1477"}],"wp:attachment":[{"href":"https:\/\/antechindustry.com\/pt-pt\/wp-json\/wp\/v2\/media?parent=886"}],"wp:term":[{"taxonomy":"product_brand","embeddable":true,"href":"https:\/\/antechindustry.com\/pt-pt\/wp-json\/wp\/v2\/product_brand?post=886"},{"taxonomy":"product_cat","embeddable":true,"href":"https:\/\/antechindustry.com\/pt-pt\/wp-json\/wp\/v2\/product_cat?post=886"},{"taxonomy":"product_tag","embeddable":true,"href":"https:\/\/antechindustry.com\/pt-pt\/wp-json\/wp\/v2\/product_tag?post=886"}],"curies":[{"name":"wp","href":"https:\/\/api.w.org\/{rel}","templated":true}]}}