{"id":898,"date":"2020-02-06T03:03:08","date_gmt":"2020-02-05T20:03:08","guid":{"rendered":"https:\/\/antechindustry.com\/stand-casshew-steaming-machine\/"},"modified":"2021-09-10T19:32:45","modified_gmt":"2021-09-10T12:32:45","slug":"maquina-a-vapor-de-caju","status":"publish","type":"product","link":"https:\/\/antechindustry.com\/pt-pt\/maquina-a-vapor-de-caju\/","title":{"rendered":"M\u00e1quina A Vapor De Caju"},"content":{"rendered":"<div>\n<p>&nbsp;<\/p>\n<\/div>\n<div><\/div>\n","protected":false},"excerpt":{"rendered":"<p><strong>Modelo: AVSTS-1T<br \/>\n<\/strong>Capacidade: 1,000 kg\/lote<br \/>\nTempo: 20-25 minutos\/1 lote<br \/>\nPot\u00eancia: 3Kw\/4Hp<br \/>\nVoltagem: 3f\u00e1sico-380V-50Hz (60Hz)<br \/>\nDimens\u00e3o de instala\u00e7\u00e3o (L*W*H): 4.2*2.2*4.8 (m)<br \/>\nTaxa de vapor: 99-100%<br \/>\nVaporizando por vapor saturado fornecido por caldeira<\/p>\n<p><strong>Inclui:<br \/>\n<\/strong>&#8211; Elevador de balde<br \/>\n&#8211; Carrinho<br \/>\n&#8211; Cabine de controle<\/p>\n","protected":false},"featured_media":1304,"comment_status":"open","ping_status":"closed","template":"","meta":[],"product_brand":[],"product_cat":[91],"product_tag":[],"class_list":{"0":"post-898","1":"product","2":"type-product","3":"status-publish","4":"has-post-thumbnail","6":"product_cat-maquina-de-caju","8":"first","9":"instock","10":"shipping-taxable","11":"product-type-simple"},"amp_enabled":true,"_links":{"self":[{"href":"https:\/\/antechindustry.com\/pt-pt\/wp-json\/wp\/v2\/product\/898","targetHints":{"allow":["GET"]}}],"collection":[{"href":"https:\/\/antechindustry.com\/pt-pt\/wp-json\/wp\/v2\/product"}],"about":[{"href":"https:\/\/antechindustry.com\/pt-pt\/wp-json\/wp\/v2\/types\/product"}],"replies":[{"embeddable":true,"href":"https:\/\/antechindustry.com\/pt-pt\/wp-json\/wp\/v2\/comments?post=898"}],"wp:featuredmedia":[{"embeddable":true,"href":"https:\/\/antechindustry.com\/pt-pt\/wp-json\/wp\/v2\/media\/1304"}],"wp:attachment":[{"href":"https:\/\/antechindustry.com\/pt-pt\/wp-json\/wp\/v2\/media?parent=898"}],"wp:term":[{"taxonomy":"product_brand","embeddable":true,"href":"https:\/\/antechindustry.com\/pt-pt\/wp-json\/wp\/v2\/product_brand?post=898"},{"taxonomy":"product_cat","embeddable":true,"href":"https:\/\/antechindustry.com\/pt-pt\/wp-json\/wp\/v2\/product_cat?post=898"},{"taxonomy":"product_tag","embeddable":true,"href":"https:\/\/antechindustry.com\/pt-pt\/wp-json\/wp\/v2\/product_tag?post=898"}],"curies":[{"name":"wp","href":"https:\/\/api.w.org\/{rel}","templated":true}]}}