{"id":911,"date":"2020-02-06T03:03:30","date_gmt":"2020-02-05T20:03:30","guid":{"rendered":"https:\/\/antechindustry.com\/cashew-peeling-machine\/"},"modified":"2024-01-06T13:48:50","modified_gmt":"2024-01-06T06:48:50","slug":"maquina-de-descascar-de-castanha-de-caju","status":"publish","type":"product","link":"https:\/\/antechindustry.com\/pt-pt\/maquina-de-descascar-de-castanha-de-caju\/","title":{"rendered":"M\u00e1quina De Descascar De Castanha De Caju"},"content":{"rendered":"<p>In the cashew processing line, cashew peeling is a time-consuming process, labor and working environment are very dusty, affecting the health of workers.<br \/>\nTo help producers save money, time and protect employees&#8217; health.<br \/>\nAntech has successfully researched, designed and manufactured cashew peeling machine with the most advanced technology. Compared with cashew peeling machines on the market, Antech cashew \u00a0peeling machines are completely superior in capacity and efficiency.<br \/>\n<strong>Antech Cashew Peeling Machine:<\/strong><br \/>\n&#8211; Quality assurance of products<br \/>\n&#8211; Improve production efficiency<br \/>\n&#8211; Reducing 90% of labor force in the process of peeling<br \/>\n&#8211; The working environment is guaranteed<br \/>\n&#8211; Operate to easy and maintain<\/p>\n","protected":false},"excerpt":{"rendered":"<p><strong>Modelo: AVPEE-2H<br \/>\n<\/strong>Capacidade: 300-350 kg\/h<br \/>\nPot\u00eancia: 4Kw\/5.5hp<br \/>\nVoltagem: 3f\u00e1sico-380V-50Hz (60Hz)<br \/>\nDimens\u00e3o de instala\u00e7\u00e3o (L*W*H): 10.5*1.2*2.8 (m)<br \/>\nPorcentagem de brancos: 90-95%.<br \/>\nTaxa quebrada : &lt;8%<\/p>\n<p><strong>Modelo: AVPEE-4H<br \/>\n<\/strong>Capacidade: 400-450 kg\/h<br \/>\nPot\u00eancia: 5.5Kw\/7hp<br \/>\nVoltagem: 3f\u00e1sico-380V-50Hz (60Hz)<br \/>\nDimens\u00e3o de instala\u00e7\u00e3o (L*W*H): 10.5*1.2*2.8 (m)<br \/>\nPorcentagem de brancos: 90-95%.<br \/>\nTaxa quebrada: &lt;8%<\/p>\n<p><strong>Modelo: AVPEE-8H<br \/>\n<\/strong>Capacidade: 550-600 kg\/h<br \/>\nPot\u00eancia: 7.5Kw\/10hp<br \/>\nVoltagem: 3f\u00e1sico-380V-50Hz (60Hz)<br \/>\nDimens\u00e3o de instala\u00e7\u00e3o (L*W*H): 10.5*1.4*2.8 (m)<br \/>\nPorcentagem de brancos: 90-95%.<br \/>\nTaxa quebrada: &lt;8%<\/p>\n<p><strong>Inclui:<br \/>\n<\/strong>&#8211; Tanque de castanha de caju<br \/>\n&#8211; Elevador de balde.<br \/>\n&#8211; Vibra\u00e7\u00e3o do alimentador autom\u00e1tico<br \/>\n&#8211; Cabine de controle (com controle do inversor)<br \/>\n&#8211; O\u00a0material \u00e9 a\u00e7o inoxid\u00e1vel<\/p>\n","protected":false},"featured_media":1301,"comment_status":"open","ping_status":"closed","template":"","meta":[],"product_brand":[],"product_cat":[91],"product_tag":[],"class_list":{"0":"post-911","1":"product","2":"type-product","3":"status-publish","4":"has-post-thumbnail","6":"product_cat-maquina-de-caju","8":"first","9":"instock","10":"shipping-taxable","11":"product-type-simple"},"amp_enabled":true,"_links":{"self":[{"href":"https:\/\/antechindustry.com\/pt-pt\/wp-json\/wp\/v2\/product\/911","targetHints":{"allow":["GET"]}}],"collection":[{"href":"https:\/\/antechindustry.com\/pt-pt\/wp-json\/wp\/v2\/product"}],"about":[{"href":"https:\/\/antechindustry.com\/pt-pt\/wp-json\/wp\/v2\/types\/product"}],"replies":[{"embeddable":true,"href":"https:\/\/antechindustry.com\/pt-pt\/wp-json\/wp\/v2\/comments?post=911"}],"wp:featuredmedia":[{"embeddable":true,"href":"https:\/\/antechindustry.com\/pt-pt\/wp-json\/wp\/v2\/media\/1301"}],"wp:attachment":[{"href":"https:\/\/antechindustry.com\/pt-pt\/wp-json\/wp\/v2\/media?parent=911"}],"wp:term":[{"taxonomy":"product_brand","embeddable":true,"href":"https:\/\/antechindustry.com\/pt-pt\/wp-json\/wp\/v2\/product_brand?post=911"},{"taxonomy":"product_cat","embeddable":true,"href":"https:\/\/antechindustry.com\/pt-pt\/wp-json\/wp\/v2\/product_cat?post=911"},{"taxonomy":"product_tag","embeddable":true,"href":"https:\/\/antechindustry.com\/pt-pt\/wp-json\/wp\/v2\/product_tag?post=911"}],"curies":[{"name":"wp","href":"https:\/\/api.w.org\/{rel}","templated":true}]}}