{"id":932,"date":"2020-02-06T03:05:09","date_gmt":"2020-02-05T20:05:09","guid":{"rendered":"https:\/\/antechindustry.com\/cashew-dryer\/"},"modified":"2021-05-01T12:46:29","modified_gmt":"2021-05-01T05:46:29","slug":"cashew-dryer","status":"publish","type":"product","link":"https:\/\/antechindustry.com\/pt-pt\/cashew-dryer\/","title":{"rendered":"Secador De Gr\u00e3o De Caju"},"content":{"rendered":"","protected":false},"excerpt":{"rendered":"<p><strong>Model: AVDRY-1T<br \/>\n<\/strong>Capacidade: 1,100-1,200 kg\/lote<br \/>\nTempo de secagem: 8-12 horas<br \/>\nPot\u00eancia: 1.5Kw\/2Hp<br \/>\nVoltagem: 3f\u00e1sico-380V-50Hz (60Hz)<br \/>\nTaxa de similaridade &gt;90%<br \/>\n04 vag\u00f5es (160 bandejas)<br \/>\nDimens\u00e3o de instala\u00e7\u00e3o (L*W*H): 3.8*2.2*2.2 (m)<br \/>\nSecagem com vapor saturado fornecido pela caldeira<\/p>\n<p><strong>Modelo: AVDRY-2T<br \/>\n<\/strong>Capacidade: 2,200-2,400 kg\/lote<br \/>\nTempo de secagem: 8-12 horas<br \/>\nPot\u00eancia: 3Kw\/4Hp<br \/>\nVoltagem: 3f\u00e1sico-380V-50Hz (60Hz)<br \/>\nTaxa de similaridade &gt;90%<br \/>\n08 vag\u00f5es (320 bandejas)<br \/>\nTaxa de similaridade (L*W*H): 6*2.2*2.2 (m)<br \/>\nSecagem com vapor saturado fornecido pela caldeira<\/p>\n","protected":false},"featured_media":1313,"comment_status":"open","ping_status":"closed","template":"","meta":[],"product_brand":[],"product_cat":[91],"product_tag":[],"class_list":{"0":"post-932","1":"product","2":"type-product","3":"status-publish","4":"has-post-thumbnail","6":"product_cat-maquina-de-caju","8":"first","9":"instock","10":"shipping-taxable","11":"product-type-simple"},"amp_enabled":true,"_links":{"self":[{"href":"https:\/\/antechindustry.com\/pt-pt\/wp-json\/wp\/v2\/product\/932","targetHints":{"allow":["GET"]}}],"collection":[{"href":"https:\/\/antechindustry.com\/pt-pt\/wp-json\/wp\/v2\/product"}],"about":[{"href":"https:\/\/antechindustry.com\/pt-pt\/wp-json\/wp\/v2\/types\/product"}],"replies":[{"embeddable":true,"href":"https:\/\/antechindustry.com\/pt-pt\/wp-json\/wp\/v2\/comments?post=932"}],"wp:featuredmedia":[{"embeddable":true,"href":"https:\/\/antechindustry.com\/pt-pt\/wp-json\/wp\/v2\/media\/1313"}],"wp:attachment":[{"href":"https:\/\/antechindustry.com\/pt-pt\/wp-json\/wp\/v2\/media?parent=932"}],"wp:term":[{"taxonomy":"product_brand","embeddable":true,"href":"https:\/\/antechindustry.com\/pt-pt\/wp-json\/wp\/v2\/product_brand?post=932"},{"taxonomy":"product_cat","embeddable":true,"href":"https:\/\/antechindustry.com\/pt-pt\/wp-json\/wp\/v2\/product_cat?post=932"},{"taxonomy":"product_tag","embeddable":true,"href":"https:\/\/antechindustry.com\/pt-pt\/wp-json\/wp\/v2\/product_tag?post=932"}],"curies":[{"name":"wp","href":"https:\/\/api.w.org\/{rel}","templated":true}]}}