{"id":936,"date":"2020-02-06T03:07:12","date_gmt":"2020-02-05T20:07:12","guid":{"rendered":"https:\/\/antechindustry.com\/cashew-nut-classify-machine\/"},"modified":"2021-09-10T19:45:04","modified_gmt":"2021-09-10T12:45:04","slug":"maquina-de-classificacao-de-castanha-de-caju","status":"publish","type":"product","link":"https:\/\/antechindustry.com\/pt-pt\/maquina-de-classificacao-de-castanha-de-caju\/","title":{"rendered":"M\u00e1quina De Classifica\u00e7\u00e3o De Castanha De Caju"},"content":{"rendered":"","protected":false},"excerpt":{"rendered":"<p><strong>Modelo: AVKSS-18<br \/>\n<\/strong>Capacidade: 200-250 kg\/h<br \/>\nPot\u00eancia: 0.75Kw\/1Hp<br \/>\nVoltagem: 3f\u00e1sico-380V-50Hz (60Hz)<br \/>\nDimens\u00e3o de instala\u00e7\u00e3o (L*W*H): 8.5*1*2.6 (m)<br \/>\nDepois de ser classificado tem 4 tipos<\/p>\n<p><strong>Modelo: AVKSS-24<br \/>\n<\/strong>Capacidade: 400-450 kg\/h<br \/>\nPot\u00eancia: 0.75Kw\/1Hp<br \/>\nVoltagem: 3f\u00e1sico-380V-50Hz (60Hz)<br \/>\nDimens\u00e3o de instala\u00e7\u00e3o (L*W*H): 8.5*1.2*2.6 (m)<br \/>\nDepois de ser classificado tem 4 tipos<\/p>\n<p><strong>Modelo: AVKSS-32<br \/>\n<\/strong>Capacidade: 600-650 kg\/h<br \/>\nPot\u00eancia: 1Kw\/1.3Hp<br \/>\nVoltagem: 3f\u00e1sico-380V-50Hz (60Hz)<br \/>\nDimens\u00e3o de instala\u00e7\u00e3o (L*W*H): 9.5*1.5*2.6 (m)<br \/>\nDepois de ser classificado tem 5 tipos<\/p>\n<p><strong>Inclui:<br \/>\n<\/strong>&#8211; Tanque de gr\u00e3o de caju<br \/>\n&#8211; Elevador de balde<br \/>\n&#8211; Vibra\u00e7\u00e3o do alimentador autom\u00e1tico<br \/>\n&#8211; Cabine de controle (com controle do inversor)<br \/>\n&#8211; O\u00a0material \u00e9 a\u00e7o inoxid\u00e1vel<\/p>\n","protected":false},"featured_media":1349,"comment_status":"open","ping_status":"closed","template":"","meta":[],"product_brand":[],"product_cat":[91],"product_tag":[],"class_list":{"0":"post-936","1":"product","2":"type-product","3":"status-publish","4":"has-post-thumbnail","6":"product_cat-maquina-de-caju","8":"first","9":"instock","10":"shipping-taxable","11":"product-type-simple"},"amp_enabled":true,"_links":{"self":[{"href":"https:\/\/antechindustry.com\/pt-pt\/wp-json\/wp\/v2\/product\/936","targetHints":{"allow":["GET"]}}],"collection":[{"href":"https:\/\/antechindustry.com\/pt-pt\/wp-json\/wp\/v2\/product"}],"about":[{"href":"https:\/\/antechindustry.com\/pt-pt\/wp-json\/wp\/v2\/types\/product"}],"replies":[{"embeddable":true,"href":"https:\/\/antechindustry.com\/pt-pt\/wp-json\/wp\/v2\/comments?post=936"}],"wp:featuredmedia":[{"embeddable":true,"href":"https:\/\/antechindustry.com\/pt-pt\/wp-json\/wp\/v2\/media\/1349"}],"wp:attachment":[{"href":"https:\/\/antechindustry.com\/pt-pt\/wp-json\/wp\/v2\/media?parent=936"}],"wp:term":[{"taxonomy":"product_brand","embeddable":true,"href":"https:\/\/antechindustry.com\/pt-pt\/wp-json\/wp\/v2\/product_brand?post=936"},{"taxonomy":"product_cat","embeddable":true,"href":"https:\/\/antechindustry.com\/pt-pt\/wp-json\/wp\/v2\/product_cat?post=936"},{"taxonomy":"product_tag","embeddable":true,"href":"https:\/\/antechindustry.com\/pt-pt\/wp-json\/wp\/v2\/product_tag?post=936"}],"curies":[{"name":"wp","href":"https:\/\/api.w.org\/{rel}","templated":true}]}}