{"id":944,"date":"2020-02-06T03:08:32","date_gmt":"2020-02-05T20:08:32","guid":{"rendered":"https:\/\/antechindustry.com\/gas-cashew-roasting-machine\/"},"modified":"2024-06-30T01:17:23","modified_gmt":"2024-06-29T18:17:23","slug":"gas-cashew-roasting-machine","status":"publish","type":"product","link":"https:\/\/antechindustry.com\/pt-pt\/gas-cashew-roasting-machine\/","title":{"rendered":"M\u00e1quina De Assar Caju"},"content":{"rendered":"","protected":false},"excerpt":{"rendered":"<p><strong>Modelo: AVROA<br \/>\n<\/strong>Capacidade: 50 kg\/lote.<br \/>\nPot\u00eancia: 0,75Kw\/1Hp<br \/>\nVoltagem: 1f\u00e1sico-220V-50Hz (60Hz)<br \/>\nDimens\u00e3o (LxWxH): 1.4\u00d71.1\u00d71.3 (m)<br \/>\nTempo: 15-20minutos\/lote<br \/>\nCombust\u00edvel: g\u00e1s<\/p>\n","protected":false},"featured_media":1336,"comment_status":"open","ping_status":"closed","template":"","meta":[],"product_brand":[],"product_cat":[91],"product_tag":[],"class_list":{"0":"post-944","1":"product","2":"type-product","3":"status-publish","4":"has-post-thumbnail","6":"product_cat-maquina-de-caju","8":"first","9":"instock","10":"shipping-taxable","11":"product-type-simple"},"amp_enabled":true,"_links":{"self":[{"href":"https:\/\/antechindustry.com\/pt-pt\/wp-json\/wp\/v2\/product\/944","targetHints":{"allow":["GET"]}}],"collection":[{"href":"https:\/\/antechindustry.com\/pt-pt\/wp-json\/wp\/v2\/product"}],"about":[{"href":"https:\/\/antechindustry.com\/pt-pt\/wp-json\/wp\/v2\/types\/product"}],"replies":[{"embeddable":true,"href":"https:\/\/antechindustry.com\/pt-pt\/wp-json\/wp\/v2\/comments?post=944"}],"wp:featuredmedia":[{"embeddable":true,"href":"https:\/\/antechindustry.com\/pt-pt\/wp-json\/wp\/v2\/media\/1336"}],"wp:attachment":[{"href":"https:\/\/antechindustry.com\/pt-pt\/wp-json\/wp\/v2\/media?parent=944"}],"wp:term":[{"taxonomy":"product_brand","embeddable":true,"href":"https:\/\/antechindustry.com\/pt-pt\/wp-json\/wp\/v2\/product_brand?post=944"},{"taxonomy":"product_cat","embeddable":true,"href":"https:\/\/antechindustry.com\/pt-pt\/wp-json\/wp\/v2\/product_cat?post=944"},{"taxonomy":"product_tag","embeddable":true,"href":"https:\/\/antechindustry.com\/pt-pt\/wp-json\/wp\/v2\/product_tag?post=944"}],"curies":[{"name":"wp","href":"https:\/\/api.w.org\/{rel}","templated":true}]}}